{"id":492,"date":"2017-12-20T11:04:15","date_gmt":"2017-12-20T10:04:15","guid":{"rendered":"http:\/\/peerbox.at\/?page_id=492"},"modified":"2017-12-20T11:05:18","modified_gmt":"2017-12-20T10:05:18","slug":"partner","status":"publish","type":"page","link":"https:\/\/peerbox.at\/en\/partner\/","title":{"rendered":"Partner"},"content":{"rendered":"<p>(German)<\/p>\n<h2>BJV- Bundesjugendvertretung<\/h2>\n<p>Die Bundesjugenvertretung ist die gesetzlich verankerte Interessensvertretung aller Kinder und Jugendlichen in \u00d6sterreich.<\/p>\n<p><a href=\"https:\/\/www.bjv.at\/\">www.bjv.at<\/a><\/p>\n<h2>bOJA \u2013 Bundesweites Netzwerk offene Jugendarbeit<\/h2>\n<p>Das bundesweite Netzwerk offene Jugendarbeit ist das Kompetenzzentrum f\u00fcr Offene Jugendarbeit in \u00d6sterreich. Der Verein bildet eine Service- bzw. Vernetzungsstelle f\u00fcr die Offene Jugendarbeit sowie auch eine Fachstelle f\u00fcr Qualit\u00e4tsweiterentwicklung in diesem Arbeitsbereich.<\/p>\n<p><a href=\"http:\/\/www.boja.at\/\">www.boja.at<\/a><\/p>\n<h2>B\u00d6JI \u2013 Bundesnetzwerk \u00d6sterreichische Jugendinfos<\/h2>\n<p>Das Bundesnetzzwerk \u00d6sterreichische Jugendinfos ist der nationale Zusammenschluss aller Jugendinformationsstellen in \u00d6sterreich. Das Netzwerk vertritt die Jugendinfostellen in \u00d6sterreich auf nationaler und internationaler Ebene, ist AnsprechpartnerIn f\u00fcr Entscheidungstr\u00e4gerInnen, f\u00f6rdert Vernetzungen und f\u00fchrt bundesweite Projekte durch.<\/p>\n<p><a href=\"http:\/\/www.jugendinfo.at\/ueber-uns\/bundesnetzwerk\/\">www.jugendinfo.at<\/a><\/p>\n<h2>ECPAT \u00d6sterreich<\/h2>\n<p>ECPAT \u00d6sterreich engagiert sich in verschiedenen Arbeitsbereichen (Politik, Justiz, Wirtschaft und Bildung) und f\u00fchrt in Zusammenarbeit mit staatlichen und nicht-staatlichen Organisationen Kampagnen und Projekte zur Sensibilisierung der \u00d6ffentlichkeit, zur Entwicklung von Pr\u00e4ventivma\u00dfnahmen und zur Schaffung von rechtlichen Grundlagen zum Schutz der Kinder durch.<\/p>\n<p><a href=\"http:\/\/www.ecpat.at\" target=\"_blank\" rel=\"noopener\">www.ecpat.at<\/a><\/p>\n<h2>\u00d6IAT\/Saferinternet.at<\/h2>\n<p>Saferinternet.at unterst\u00fctzt Kinder, Jugendliche, Eltern und Lehrende beim sicheren, kompetenten und verantwortungsvollen Umgang mit digitalen Medien und liefert hilfreiche Tipps und Hilfestellungen zu Themen wie Soziale Netzwerke, Cyber-Mobbing, Handy &amp; Smartphone, Datenschutz, Sexualit\u00e4t &amp; Internet, Computerspiele, Medienerziehung etc.<\/p>\n<p><a href=\"https:\/\/www.saferinternet.at\/\">www.saferinternet.at<\/a><\/p>\n<hr \/>\n<h2>Regionalstellen<\/h2>\n<h3>LOGO Jugendmanagement Steiermark<\/h3>\n<p>LOGO ist eine Fachstelle, die im Auftrag des Landes Steiermark Dienstleistungen f\u00fcr Jugendliche wie Information oder Beratung zu den Themen Bildung, Arbeit, Gesundheit oder Freizeit anbietet.<\/p>\n<p><a href=\"https:\/\/www.logo.at\/\">www.logo.at<\/a><\/p>\n<h3>akzente Salzburg<\/h3>\n<p>Akzente Salzburg ist eine bundeslandesweite Informationsstelle f\u00fcr Jugendliche und JugendarbeiterInnen, die Informationsmaterialen zur Verf\u00fcgung stellt sowie auch aktive Gemeindearbeit in Form von Projekten und runden Tischen, Jugendbegegnungen, geschlechtersensibler Jugendarbeit, kreativer Kulturarbeit sowie Pr\u00e4vention und Beteiligung durchf\u00fchrt.<\/p>\n<p><a href=\"http:\/\/www.akzente.net\/home\/\">www.akzente.net<\/a><\/p>\n<hr \/>\n<h2>Englische \u00dcbersetzung<\/h2>\n<h3>Interkulturelles Zentrum<\/h3>\n<h3><img loading=\"lazy\" decoding=\"async\" class=\"alignnone wp-image-483 size-medium\" src=\"http:\/\/peerbox.at\/wp-content\/uploads\/2017\/12\/JiA_Logo_RGB-300x80.jpg\" alt=\"\" width=\"300\" height=\"80\" srcset=\"https:\/\/peerbox.at\/wp-content\/uploads\/2017\/12\/JiA_Logo_RGB-300x80.jpg 300w, https:\/\/peerbox.at\/wp-content\/uploads\/2017\/12\/JiA_Logo_RGB-768x204.jpg 768w, https:\/\/peerbox.at\/wp-content\/uploads\/2017\/12\/JiA_Logo_RGB-1024x272.jpg 1024w\" sizes=\"auto, (max-width: 300px) 100vw, 300px\" \/><\/h3>\n<p>Das Leitbild des Interkulturellen Zentrums beschreibt den gesellschaftspolitischen Rahmen und begr\u00fcndet die Notwendigkeit interkultureller Bildungsarbeit. Es repr\u00e4sentiert die \u00dcberzeugungen und Ziele der ehrenamtlichen und hauptamtlichen MitarbeiterInnen, die sich f\u00fcr Verst\u00e4ndigung und gewaltfreie Konfliktl\u00f6sung zwischen Menschen verschiedener Kulturen einsetzen.<\/p>\n<p><a href=\"http:\/\/www.iz.or.at\" target=\"_blank\" rel=\"noopener\">www.iz.or.at<\/a><\/p>\n<p>\u00dcbersetzung gef\u00f6rdert durch <a href=\"https:\/\/erasmusplus.at\/\">Erasmus+<\/a><\/p>\n<p><img loading=\"lazy\" decoding=\"async\" class=\"alignnone wp-image-484 size-medium\" src=\"http:\/\/peerbox.at\/wp-content\/uploads\/2017\/12\/EU_Flagge_ErasmusPlus_RGB-300x86.jpg\" alt=\"\" width=\"300\" height=\"86\" srcset=\"https:\/\/peerbox.at\/wp-content\/uploads\/2017\/12\/EU_Flagge_ErasmusPlus_RGB-300x86.jpg 300w, https:\/\/peerbox.at\/wp-content\/uploads\/2017\/12\/EU_Flagge_ErasmusPlus_RGB-768x219.jpg 768w, https:\/\/peerbox.at\/wp-content\/uploads\/2017\/12\/EU_Flagge_ErasmusPlus_RGB-1024x292.jpg 1024w, https:\/\/peerbox.at\/wp-content\/uploads\/2017\/12\/EU_Flagge_ErasmusPlus_RGB.jpg 1964w\" sizes=\"auto, (max-width: 300px) 100vw, 300px\" \/><\/p>","protected":false},"excerpt":{"rendered":"<p>(German) BJV- Bundesjugendvertretung Die Bundesjugenvertretung ist die gesetzlich verankerte Interessensvertretung aller Kinder und Jugendlichen in \u00d6sterreich. www.bjv.at bOJA \u2013 Bundesweites Netzwerk offene Jugendarbeit Das bundesweite Netzwerk offene Jugendarbeit ist das Kompetenzzentrum f\u00fcr Offene Jugendarbeit in \u00d6sterreich. Der Verein bildet eine Service- bzw. Vernetzungsstelle f\u00fcr die Offene Jugendarbeit sowie auch eine Fachstelle f\u00fcr Qualit\u00e4tsweiterentwicklung in diesem [&hellip;]<\/p>\n","protected":false},"author":4,"featured_media":0,"parent":0,"menu_order":0,"comment_status":"closed","ping_status":"closed","template":"","meta":{"_acf_changed":false,"_genesis_hide_title":false,"_genesis_hide_breadcrumbs":false,"_genesis_hide_singular_image":false,"_genesis_hide_footer_widgets":false,"_genesis_custom_body_class":"","_genesis_custom_post_class":"","_genesis_layout":"","footnotes":""},"class_list":{"0":"post-492","1":"page","2":"type-page","3":"status-publish","5":"entry"},"acf":[],"_links":{"self":[{"href":"https:\/\/peerbox.at\/en\/wp-json\/wp\/v2\/pages\/492","targetHints":{"allow":["GET"]}}],"collection":[{"href":"https:\/\/peerbox.at\/en\/wp-json\/wp\/v2\/pages"}],"about":[{"href":"https:\/\/peerbox.at\/en\/wp-json\/wp\/v2\/types\/page"}],"author":[{"embeddable":true,"href":"https:\/\/peerbox.at\/en\/wp-json\/wp\/v2\/users\/4"}],"replies":[{"embeddable":true,"href":"https:\/\/peerbox.at\/en\/wp-json\/wp\/v2\/comments?post=492"}],"version-history":[{"count":2,"href":"https:\/\/peerbox.at\/en\/wp-json\/wp\/v2\/pages\/492\/revisions"}],"predecessor-version":[{"id":495,"href":"https:\/\/peerbox.at\/en\/wp-json\/wp\/v2\/pages\/492\/revisions\/495"}],"wp:attachment":[{"href":"https:\/\/peerbox.at\/en\/wp-json\/wp\/v2\/media?parent=492"}],"curies":[{"name":"wp","href":"https:\/\/api.w.org\/{rel}","templated":true}]}}